{"id":4542,"date":"2025-03-04T06:23:59","date_gmt":"2025-03-04T06:23:59","guid":{"rendered":"https:\/\/luvina.net\/vi\/vi\/?page_id=4542"},"modified":"2025-08-15T08:22:43","modified_gmt":"2025-08-15T08:22:43","slug":"case-studies","status":"publish","type":"page","link":"https:\/\/luvina.net\/vi\/case-studies\/","title":{"rendered":"Case studies List"},"content":{"rendered":"\n<div\n    id=\"banner\"\n    class=\"flex justify-center lg:min-h-[486px] min-h-[792px] bg-cover bg-no-repeat relative lg:bg-[url(\/wp-content\/uploads\/2025\/03\/case-studies-banner.png)] bg-[url(\/wp-content\/uploads\/2025\/03\/case-studies-banner-mobile.png)]\"\n>\n    <div class=\"flex relative lg:max-w-[1355px] lg:w-[90vw] w-full\">\n        <div\n            class=\"flex flex-col lg:items-start lg:justify-start lg:gap-[140px] gap-[122px] lg:mt-[162px] lg:px-0 mt-[366.63px] px-[16px] relative\"\n        >\n            <div\n                class=\"flex flex-col lg:w-[780px] 2xl:w-[944px] lg:items-start selection:lg:gap-[40px] lg:gap-[28px] gap-[15px]\"\n            >\n                <h1\n                    class=\"font-noto lg:text-[40px] text-[20px] font-bold lg:leading-[45px] leading-[30px] text-left lg:uppercase bg-gradient-to-r text-white\"\n                >\n                    D\u1ef1 \u00e1n th\u00e0nh c\u00f4ng\n                <\/h1>\n                <div class=\"flex flex-col justify-between\">\n                    <p\n                        class=\"hidden lg:flex font-noto lg:text-[18px] text-[16px] font-normal leading-[30.6px] lg:text-left text-center text-white\"\n                    >\n                        K\u1ec3 t\u1eeb n\u0103m 2004, ch\u00fang t\u00f4i \u0111\u00e3 li\u00ean t\u1ee5c c\u1ed1ng hi\u1ebfn h\u1ebft m\u00ecnh\n                        cho s\u1ef1 \u0111\u1ed5i m\u1edbi v\u00e0\n                    <\/p>\n                    <p\n                        class=\"hidden lg:flex font-noto lg:text-[18px] text-[16px] font-normal leading-[30.6px] lg:text-left text-center text-white\"\n                    >\n                        cam k\u1ebft v\u1ec1 ch\u1ea5t l\u01b0\u1ee3ng, v\u1edbi kh\u00e1t v\u1ecdng mang l\u1ea1i gi\u00e1 tr\u1ecb\n                        l\u00e2u d\u00e0i cho kh\u00e1ch h\u00e0ng.\n                    <\/p>\n                    <p\n                        class=\"flex lg:hidden font-noto lg:text-[18px] text-[16px] leading-[30.6px] lg:text-left text-white\"\n                    >\n                        K\u1ec3 t\u1eeb n\u0103m 2004, ch\u00fang t\u00f4i \u0111\u00e3 li\u00ean t\u1ee5c c\u1ed1ng hi\u1ebfn h\u1ebft m\u00ecnh\n                        cho s\u1ef1 \u0111\u1ed5i m\u1edbi v\u00e0 cam k\u1ebft v\u1ec1 ch\u1ea5t l\u01b0\u1ee3ng, v\u1edbi kh\u00e1t v\u1ecdng\n                        mang l\u1ea1i gi\u00e1 tr\u1ecb l\u00e2u d\u00e0i cho kh\u00e1ch h\u00e0ng.\n                    <\/p>\n                <\/div>\n            <\/div>\n        <\/div>\n    <\/div>\n<\/div>\n\n\n\n<div\n    id=\"tabs-menu\"\n    class=\"w-full lg:bg-[#EFEFF0] bg-[#F8F8F8] lg:flex lg:items-center lg:justify-center\"\n>\n    <!-- start tab PC -->\n    <div class=\"lg:grid hidden text-lg h-[51px] grid-cols-3\">\n        <div\n            data-tab=\"services\"\n            class=\"parent-category lg:min-w-[250px] tab-pc flex justify-center items-center px-[16px] cursor-pointer border-b-[2px] border-b-[#CE181E]\"\n        >\n            D\u1ecbch v\u1ee5\n        <\/div>\n        <div\n            data-tab=\"industries\"\n            class=\"parent-category lg:min-w-[250px] tab-pc flex justify-center items-center px-[16px] cursor-pointer text-[#4A4B4C]\"\n        >\n            L\u0129nh v\u1ef1c\n        <\/div>\n        <div\n            data-tab=\"solutions\"\n            class=\"parent-category lg:min-w-[250px] tab-pc flex justify-center items-center px-[16px] cursor-pointer text-[#4A4B4C]\"\n        >\n            Gi\u1ea3i ph\u00e1p\n        <\/div>\n    <\/div>\n    <!-- end tab PC -->\n    <!-- start tab mobile -->\n    <div class=\"lg:hidden text-lg h-[59px] w-full\">\n        <div\n            id=\"tab-mb-selected\"\n            class=\"flex items-center justify-between px-[16px] h-[59px] font-bold border-b-[2px] border-b-[#CE181E]\"\n        >\n            <span>D\u1ecbch v\u1ee5<\/span>\n            <svg\n                width=\"24\"\n                height=\"25\"\n                viewBox=\"0 0 24 25\"\n                fill=\"none\"\n                xmlns=\"http:\/\/www.w3.org\/2000\/svg\"\n            >\n                <path\n                    fill-rule=\"evenodd\"\n                    clip-rule=\"evenodd\"\n                    d=\"M21.7474 7.84739C21.3805 7.42017 20.7484 7.38169 20.3356 7.76144L12 15.43L3.66435 7.76144C3.25157 7.38168 2.6195 7.42017 2.25258 7.84739C1.88566 8.27461 1.92284 8.92879 2.33563 9.30854L10.6713 16.9771C11.429 17.6743 12.5709 17.6743 13.3287 16.9771L21.6644 9.30854C22.0771 8.92879 22.1143 8.27461 21.7474 7.84739Z\"\n                    fill=\"#7C7B7B\"\n                \/>\n            <\/svg>\n        <\/div>\n        <div id=\"tabs-mobile\" class=\"absolute w-full bg-[#F8F8F8] hidden z-50\">\n            <div\n                data-tab=\"services\"\n                class=\"parent-category tab-mb flex items-center px-[16px] lg:h-full h-[62px] text-[#4A4B4C] border-b-[2px] border-b-[#D9D9D9]\"\n            >\n                D\u1ecbch v\u1ee5\n            <\/div>\n            <div\n                data-tab=\"industries\"\n                class=\"parent-category tab-mb flex items-center px-[16px] lg:h-full h-[62px] text-[#4A4B4C] border-b-[2px] border-b-[#D9D9D9]\"\n            >\n                L\u0129nh v\u1ef1c\n            <\/div>\n            <div\n                data-tab=\"solutions\"\n                class=\"parent-category tab-mb flex items-center px-[16px] lg:h-full h-[62px] text-[#4A4B4C] border-b-[2px] border-b-[#D9D9D9]\"\n            >\n                Gi\u1ea3i ph\u00e1p\n            <\/div>\n        <\/div>\n    <\/div>\n    <!-- end tab mobile -->\n<\/div>\n\n\n<div class=\"section-top flex justify-center lg:pt-[46px] pt-[77px] lg:px-0 px-[16px] lg:pb-[95px]\">\n    <div\n        class=\"max-w-[361px] md:w-full md:max-w-[100%] lg:w-[90vw] lg:max-w-[1355px] lg:block flex flex-col justify-center\">\n        <div class=\"flex lg:justify-start justify-center\">\n            <h2 class=\"lg:text-[30px] text-[20px] lg:leading-[45px] leading-[30px]\n        font-bold lg:uppercase w-fit bg-gradient-to-r from-[#840000] to-[#CE181E] bg-clip-text text-transparent\">\n                D\u1ef1 \u00e1n n\u1ed5i b\u1eadt            <\/h2>\n        <\/div>\n        <div class=\"lg:mt-[47px] mt-[27px] max-w-[361px] lg:w-[90vw] lg:max-w-[1355px] md:w-full md:max-w-[100%]\">\n            <div class=\"grid grid-cols-1 md:grid-cols-3 2xl:justify-center items-start gap-[20px] lg:gap-[25px]\">\n                                                <div class=\"lg:hover:scale-110 lg:hover:shadow-lg transition-transform duration-300 bg-[#a8a5a5] rounded-lg overflow-hidden flex flex-col cursor-pointer ease-in-out lg:shadow-md\"\n                    onclick=\"window.location.href='https:\/\/luvina.net\/vi\/portfolio\/chuyen-doi-so-doanh-nghiep-san-xuat-tren-nen-tang-kintone\/'\">\n                                        <img decoding=\"async\" src=\"https:\/\/luvina.net\/vi\/wp-content\/uploads\/2025\/08\/CS-Kintone.jpg\" alt=\"Chuy\u1ec3n \u0111\u1ed5i s\u1ed1 doanh nghi\u1ec7p s\u1ea3n xu\u1ea5t tr\u00ean n\u1ec1n t\u1ea3ng Kintone\u200b\" class=\"object-cover block w-[361px] aspect-[800\/550] lg:w-full\" title=\"\">\n                                        <div\n                        class=\"flex flex-col lg:gap-y-[16px] gap-y-[8px] p-[15px] bg-[#F8F8F8] flex-grow justify-between min-h-[54px] lg:min-h-[93px]\">\n                        <a href=\"https:\/\/luvina.net\/vi\/portfolio\/chuyen-doi-so-doanh-nghiep-san-xuat-tren-nen-tang-kintone\/\"\n                            class=\"related-posts-limit-text-title font-['Noto_Sans'] text-[12px] leading-[18px] lg:text-[16px] font-bold lg:leading-[24px] text-left\">\n                            Chuy\u1ec3n \u0111\u1ed5i s\u1ed1 doanh nghi\u1ec7p s\u1ea3n xu\u1ea5t tr\u00ean n\u1ec1n t\u1ea3ng Kintone\u200b                        <\/a>\n\n                        <div class=\"h-full flex lg:gap-[16px] gap-[8px] flex-wrap max-h-[76px] overflow-hidden\">\n                                                                    <a href=\"https:\/\/luvina.net\/vi\/portfolio-tag\/chuyen-doi-so\/\">\n                                            <p\n                                                class=\"flex justify-center items-center text-[12px] p-[10px] h-[30px] rounded-full bg-white border border-white lg:hover:border-[#CE181E] lg:hover:text-[#CE181E] box-border cursor-pointer\">\n                                                Chuy\u1ec3n \u0111\u1ed5i s\u1ed1                                            <\/p>\n                                        <\/a>\n                                                            <\/div>\n                    <\/div>\n                <\/div>\n                                                <div class=\"lg:hover:scale-110 lg:hover:shadow-lg transition-transform duration-300 bg-[#a8a5a5] rounded-lg overflow-hidden flex flex-col cursor-pointer ease-in-out lg:shadow-md\"\n                    onclick=\"window.location.href='https:\/\/luvina.net\/vi\/portfolio\/phat-trien-va-duy-tri-he-thong-uy-thac-dau-tu-cua-ngan-hang-tai-nhat-ban\/'\">\n                                        <img decoding=\"async\" src=\"https:\/\/luvina.net\/vi\/wp-content\/uploads\/2025\/07\/CS-BW.jpg\" alt=\"Ph\u00e1t tri\u1ec3n v\u00e0 duy tr\u00ec h\u1ec7 th\u1ed1ng \u1ee7y th\u00e1c \u0111\u1ea7u t\u01b0 c\u1ee7a ng\u00e2n h\u00e0ng t\u1ea1i Nh\u1eadt B\u1ea3n.\u200b\" class=\"object-cover block w-[361px] aspect-[800\/550] lg:w-full\" title=\"\">\n                                        <div\n                        class=\"flex flex-col lg:gap-y-[16px] gap-y-[8px] p-[15px] bg-[#F8F8F8] flex-grow justify-between min-h-[54px] lg:min-h-[93px]\">\n                        <a href=\"https:\/\/luvina.net\/vi\/portfolio\/phat-trien-va-duy-tri-he-thong-uy-thac-dau-tu-cua-ngan-hang-tai-nhat-ban\/\"\n                            class=\"related-posts-limit-text-title font-['Noto_Sans'] text-[12px] leading-[18px] lg:text-[16px] font-bold lg:leading-[24px] text-left\">\n                            Ph\u00e1t tri\u1ec3n v\u00e0 duy tr\u00ec h\u1ec7 th\u1ed1ng \u1ee7y th\u00e1c \u0111\u1ea7u t\u01b0 c\u1ee7a ng\u00e2n h\u00e0ng t\u1ea1i Nh\u1eadt B\u1ea3n.\u200b                        <\/a>\n\n                        <div class=\"h-full flex lg:gap-[16px] gap-[8px] flex-wrap max-h-[76px] overflow-hidden\">\n                                                                    <a href=\"https:\/\/luvina.net\/vi\/portfolio-tag\/he-thong-uy-thac-dau-tu\/\">\n                                            <p\n                                                class=\"flex justify-center items-center text-[12px] p-[10px] h-[30px] rounded-full bg-white border border-white lg:hover:border-[#CE181E] lg:hover:text-[#CE181E] box-border cursor-pointer\">\n                                                H\u1ec7 th\u1ed1ng \u1ee7y th\u00e1c \u0111\u1ea7u t\u01b0                                            <\/p>\n                                        <\/a>\n                                                            <\/div>\n                    <\/div>\n                <\/div>\n                                                <div class=\"lg:hover:scale-110 lg:hover:shadow-lg transition-transform duration-300 bg-[#a8a5a5] rounded-lg overflow-hidden flex flex-col cursor-pointer ease-in-out lg:shadow-md\"\n                    onclick=\"window.location.href='https:\/\/luvina.net\/vi\/portfolio\/nang-cap-he-thong-tmdt-cho-doanh-nghiep-ban-le-san-pham-chip-dien-tu\/'\">\n                                        <img decoding=\"async\" src=\"https:\/\/luvina.net\/vi\/wp-content\/uploads\/2025\/07\/CS-C1S.jpg\" alt=\"N\u00e2ng c\u1ea5p h\u1ec7 th\u1ed1ng TM\u0110T cho doanh nghi\u1ec7p b\u00e1n l\u1ebb s\u1ea3n ph\u1ea9m chip \u0111i\u1ec7n t\u1eed\" class=\"object-cover block w-[361px] aspect-[800\/550] lg:w-full\" title=\"\">\n                                        <div\n                        class=\"flex flex-col lg:gap-y-[16px] gap-y-[8px] p-[15px] bg-[#F8F8F8] flex-grow justify-between min-h-[54px] lg:min-h-[93px]\">\n                        <a href=\"https:\/\/luvina.net\/vi\/portfolio\/nang-cap-he-thong-tmdt-cho-doanh-nghiep-ban-le-san-pham-chip-dien-tu\/\"\n                            class=\"related-posts-limit-text-title font-['Noto_Sans'] text-[12px] leading-[18px] lg:text-[16px] font-bold lg:leading-[24px] text-left\">\n                            N\u00e2ng c\u1ea5p h\u1ec7 th\u1ed1ng TM\u0110T cho doanh nghi\u1ec7p b\u00e1n l\u1ebb s\u1ea3n ph\u1ea9m chip \u0111i\u1ec7n t\u1eed                        <\/a>\n\n                        <div class=\"h-full flex lg:gap-[16px] gap-[8px] flex-wrap max-h-[76px] overflow-hidden\">\n                                                                    <a href=\"https:\/\/luvina.net\/vi\/portfolio-tag\/thuong-mai-dien-tu\/\">\n                                            <p\n                                                class=\"flex justify-center items-center text-[12px] p-[10px] h-[30px] rounded-full bg-white border border-white lg:hover:border-[#CE181E] lg:hover:text-[#CE181E] box-border cursor-pointer\">\n                                                Th\u01b0\u01a1ng m\u1ea1i \u0111i\u1ec7n t\u1eed                                            <\/p>\n                                        <\/a>\n                                                            <\/div>\n                    <\/div>\n                <\/div>\n                            <\/div>\n        <\/div>\n    <\/div>\n<\/div>\n\n\n\n    <div class=\"flex justify-center\">\n        <div class=\"flex lg:max-w-[1355px] lg:w-[90vw] w-full lg:px-0 px-[16px]\">\n            <div\n                    class=\"flex flex-col max-w-[1355px] w-full md:pt-[76px] pt-[40px] md:gap-[47px]\">\n                <div class=\"flex lg:justify-start justify-center\">\n                    <h2 id=\"portfolio-title\"\n                        class=\"lg:text-[30px] text-[20px] lg:leading-[45px] leading-[30px] font-bold lg:uppercase w-fit bg-gradient-to-r from-[#840000] to-[#CE181E] text-transparent bg-clip-text\">\n                        Xem t\u1ea5t c\u1ea3                    <\/h2>\n                <\/div>\n\n                <div id=\"portfolio-container\" class=\"grid 2xl:grid-cols-[70%_25%] lg:grid-cols-[65%_30%] md:grid-cols-2 grid-cols-1 md:grid-flow-row grid-flow-dense justify-between\n             gap-[40px] md:pb-[92px] pb-[141px] lg:pt-0 pt-[40px]\">\n                    <div id=\"portfolio-container-items\"\n                         class=\"order-2 md:order-1\">\n                        <div id=\"portfolio-items\"\n                             class=\"flex flex-wrap lg:justify-start justify-center\">\n                            <!--portfolio-items-->\n                            <p>Loading...<\/p>\n\n                        <\/div>\n                        <div id=\"portfolio-pagination\" class=\"flex gap-[8px] justify-center mt-[34px] text-[18px]\">\n                            <!--portfolio-paging-->\n                        <\/div>\n                    <\/div>\n\n                    <div class=\"flex flex-col  md:max-w-[320px] md:gap-[50px] gap-[40px] order-1 md:order-2\">\n                        <div class=\"flex flex-col gap-[16px]\">\n                            <p class=\"md:text-[18px] text-[16px] font-bold md:leading-[27px] leading-[24px]\">\n                                T\u1eeb kh\u00f3a ph\u1ed5 bi\u1ebfn                            <\/p>\n                            <div id=\"popular-tags\"\n                                 class=\"flex flex-wrap md:gap-x-[11px] md:gap-y-[16px] gap-x-[8px] gap-y-[8px]\">\n                                <!--Popular tags here-->\n\n                            <\/div>\n                        <\/div>\n\n                        <div class=\"flex flex-col md:gap-[26px] gap-[12px]\">\n                            <p id=\"category-title\" class=\"md:text-[18px] text-[16px] font-bold leading-[21px]\">\n                                <\/p>\n                            <div id=\"portfolio-category\" class=\"flex flex-col gap-[16px]\">\n                                <!--portfolio-category-->\n                            <\/div>\n                        <\/div>\n                    <\/div>\n                <\/div>\n            <\/div>\n        <\/div>\n    <\/div>\n    \n\n\n\n<div class=\"pattern-contact-banner\">\n    <div class=\"relative flex lg:justify-center items-center lg:h-[200px] h-[222px] w-full\">\n        <div class=\"lg:block hidden\">\n            <img decoding=\"async\" loading=\"lazy\" src=\"\/vi\/wp-content\/themes\/luvina2024\/assets\/images\/backgroud_ung_dung.png\" alt=\"Contact Us\" class=\"absolute top-0 left-0 z-0 h-[200px] object-cover w-full aspect-[1920\/560]\" title=\"\">\n        <\/div>\n        <div class=\"lg:hidden block\">\n            <img decoding=\"async\" loading=\"lazy\" src=\"\/vi\/wp-content\/themes\/luvina2024\/assets\/images\/backgroud-ung-dung-mobile.png\" alt=\"Contact Us\" class=\"absolute top-0 left-0 object-cover z-0 h-full w-full\" title=\"\">\n        <\/div>\n        <div\n            class=\"relative flex lg:flex-row flex-col h-[142px] mx-4 my-10 lg:items-center justify-between lg:w-[90vw] lg:max-w-[1355px] lg:h-[56px] lg:gap-4 lg:mx-0 lg:my-0\">\n            <h2 class=\"font-bold !text-white lg:text-3xl text-base lg:leading-[45px] lg:uppercase lg:h-[56px] h-[74px] flex items-center\" style=\"text-shadow: 0px 4px 4px rgba(0, 0, 0, 0.25);\">\n                Tr\u00f2 chuy\u1ec7n v\u1edbi ch\u00fang t\u00f4i v\u1ec1 d\u1ef1 \u00e1n<\/h2>\n            <a href=\"\/vi\/contact-us\"\n                class=\"inline-flex lg:w-[261px] w-[131px] bg-[#FFF7F7] text-[#CE181E] font-bold rounded-lg px-4 py-2 justify-between items-center cursor-pointer lg:h-[56px] h-[48px]\">\n                <div class=\"font-bold lg:text-lg text-base\">Li\u00ean h\u1ec7<\/div>\n                <div>\n                    <img decoding=\"async\" loading=\"lazy\" src=\"\/vi\/wp-content\/themes\/luvina2024\/assets\/images\/icon-next-red.png\" alt=\"Next Icon\" title=\"\">\n                <\/div>\n            <\/a>\n        <\/div>\n    <\/div>\n<\/div>\n\n\n\n<p><\/p>\n","protected":false},"excerpt":{"rendered":"<p>D\u1ef1 \u00e1n th\u00e0nh c\u00f4ng K\u1ec3 t\u1eeb n\u0103m 2004, ch\u00fang t\u00f4i \u0111\u00e3 li\u00ean t\u1ee5c c\u1ed1ng hi\u1ebfn h\u1ebft m\u00ecnh cho s\u1ef1 \u0111\u1ed5i&#8230;<\/p>\n","protected":false},"author":6,"featured_media":0,"parent":0,"menu_order":0,"comment_status":"closed","ping_status":"closed","template":"","meta":{"_acf_changed":false,"footnotes":""},"class_list":["post-4542","page","type-page","status-publish","hentry"],"acf":[],"lang":"vi","translations":{"vi":4542,"ja":4539},"pll_sync_post":[],"_links":{"self":[{"href":"https:\/\/luvina.net\/vi\/wp-json\/wp\/v2\/pages\/4542","targetHints":{"allow":["GET"]}}],"collection":[{"href":"https:\/\/luvina.net\/vi\/wp-json\/wp\/v2\/pages"}],"about":[{"href":"https:\/\/luvina.net\/vi\/wp-json\/wp\/v2\/types\/page"}],"author":[{"embeddable":true,"href":"https:\/\/luvina.net\/vi\/wp-json\/wp\/v2\/users\/6"}],"replies":[{"embeddable":true,"href":"https:\/\/luvina.net\/vi\/wp-json\/wp\/v2\/comments?post=4542"}],"version-history":[{"count":35,"href":"https:\/\/luvina.net\/vi\/wp-json\/wp\/v2\/pages\/4542\/revisions"}],"predecessor-version":[{"id":13167,"href":"https:\/\/luvina.net\/vi\/wp-json\/wp\/v2\/pages\/4542\/revisions\/13167"}],"wp:attachment":[{"href":"https:\/\/luvina.net\/vi\/wp-json\/wp\/v2\/media?parent=4542"}],"curies":[{"name":"wp","href":"https:\/\/api.w.org\/{rel}","templated":true}]}}