{"id":4554,"date":"2025-03-04T06:40:16","date_gmt":"2025-03-04T06:40:16","guid":{"rendered":"https:\/\/luvina.net\/vi\/vi\/?page_id=4554"},"modified":"2025-08-15T08:51:23","modified_gmt":"2025-08-15T08:51:23","slug":"blogs","status":"publish","type":"page","link":"https:\/\/luvina.net\/vi\/blogs\/","title":{"rendered":"Blog list"},"content":{"rendered":"\n<div\n            id=\"banner\"\n            class=\"flex justify-center lg:min-h-[560px] min-h-[792px] bg-cover bg-no-repeat relative lg:bg-[url(\/wp-content\/uploads\/2025\/04\/blog-list-banner.png)] bg-[url(\/wp-content\/uploads\/2025\/04\/blog-list-banner-mobile.png)]\"\n        >\n            <div class=\"flex relative lg:max-w-[1355px] lg:w-[90vw] w-full\">\n                <div\n                    class=\"flex flex-col lg:items-start lg:justify-start lg:gap-[140px] gap-[122px] lg:mt-[161px] lg:px-0 mt-[321px] px-[16px] relative\"\n                >\n                    <div\n                        class=\"flex flex-col lg:w-[780px] 2xl:w-[944px] lg:items-start lg:gap-[61px] gap-[28px]\"\n                    >\n                        <h1\n                            class=\"font-noto lg:text-[40px] text-[20px] font-bold lg:leading-[45px] leading-[30px] lg:text-left text-center lg:uppercase bg-gradient-to-r text-white\"\n                        >\n                            Insights\n                        <\/h1>\n                        <div class=\"flex flex-col justify-between\">\n                            <p\n                                class=\"hidden lg:flex font-noto lg:text-[18px] text-[16px] font-normal leading-[30.6px] lg:text-left text-center text-white\"\n                            >\n                                Ch\u00fang t\u00f4i chia s\u1ebb nh\u1eefng ki\u1ebfn th\u1ee9c v\u00e0 th\u00f4ng tin v\u1ec1 ng\u00e0nh C\u00f4ng ngh\u1ec7 th\u00f4ng tin \n                            <\/p>\n                            <p\n                                class=\"hidden lg:flex font-noto lg:text-[18px] text-[16px] font-normal leading-[30.6px] lg:text-left text-center text-white\"\n                            >\n                                v\u00e0 IT Outsourcing\n                            <\/p>\n                            <p\n                                class=\"flex lg:hidden font-noto lg:text-[18px] text-[16px] font-bold leading-[30.6px] lg:text-left text-white text-center\"\n                            >\n                                Ch\u00fang t\u00f4i chia s\u1ebb nh\u1eefng ki\u1ebfn th\u1ee9c v\u00e0 th\u00f4ng tin v\u1ec1 ng\u00e0nh C\u00f4ng ngh\u1ec7 th\u00f4ng tin v\u00e0 IT Outsourcing\n                            <\/p>\n                        <\/div>\n                    <\/div>\n                <\/div>\n            <\/div>\n        <\/div>\n\n\n\n        <div id=\"search-container\" class=\"flex justify-center items-center lg:pb-[77px] pb-[68px] lg:bg-[#F9F9F9] bg-[#FFFFFF]\">\n            <div\n                class=\"flex flex-col lg:w-[90vw] lg:max-w-[1355px] w-[calc(100vw-32px)] lg:pt-[68px] pt-[40px] items-center lg:gap-[17px] gap-[40px]\"\n            >\n                <div\n                    class=\"flex w-[min(calc(100vw-32px),1355px)] lg:w-[90vw] lg:max-w-[1355px] lg:h-[56px] h-[48px] items-center justify-between lg:pl-[18px] pl-[12px] lg:pr-[9px] pr-[0px] rounded-[8px] border-[1px] border-[#EFEFF0] bg-white\"\n                >\n                    <div class=\"flex gap-[9px] items-center\">\n                        <img decoding=\"async\"\n                            src=\"\/vi\/wp-content\/uploads\/2025\/04\/search.png\"\n                            alt=\"\"\n                            class=\"w-[24px] h-[24px]\"\n                        \/>\n                        <input\n                            id=\"title-search\"\n                            type=\"text\"\n                            placeholder=\"B\u1ea1n mu\u1ed1n \u0111\u1ecdc th\u00eam th\u00f4ng tin g\u00ec?\"\n                            class=\"lg:h-[27px] h-[24px] lg:text-[16px] text-[14px] lg:w-[min(calc(100vw-340px),1250px)] w-[min(calc(100vw-140px),1355px)] focus:outline-none text-ellipsis\"\n                        \/>\n                    <\/div>\n                    <div class=\"flex gap-[20px] items-center\">\n                        <button id=\"clear-search\" class=\"hidden w-[24px] h-[24px] lg:mr-0 mr-[10px]\" aria-label=\"Clear search\">\n                            <svg xmlns=\"http:\/\/www.w3.org\/2000\/svg\" fill=\"none\" viewBox=\"0 0 24 24\" stroke=\"currentColor\" class=\"w-full h-full\">\n                                <path stroke-linecap=\"round\" stroke-linejoin=\"round\" stroke-width=\"2\" d=\"M6 18L18 6M6 6l12 12\" \/>\n                            <\/svg>\n                        <\/button> \n                    <\/div>\n                <\/div>\n\n                <div id=\"post-tags\"\n                    class=\"flex flex-wrap w-[min(calc(100vw-32px),1355px)] lg:w-[90vw] lg:max-w-[1355px] 2xl:max-h-[75px] lg:gap-x-[16px] gap-x-[8px] lg:gap-y-[15px] gap-y-[8px] overflow-hidden max-h-[150px]\"\n                >\n                <\/div>\n\n            <\/div>\n        <\/div>\n\n        <div id=\"featured-blog\" class=\"lg:pb-[126px] pb-[108px]\">\n                <div class=\"section-top flex justify-center lg:px-0 px-[16px] lg:pb-[58px] lg:bg-[#F9F9F9] bg-[#FFFFFF]\">\n        <div\n            class=\"md:w-full md:max-w-[100%] lg:w-[90vw] lg:max-w-[1355px] lg:block flex flex-col justify-center\">\n            <div class=\"flex lg:justify-start justify-center\">\n                <h2 class=\"lg:text-[30px] text-[20px] lg:leading-[45px] leading-[30px]\n            font-bold lg:uppercase w-fit bg-gradient-to-r from-[#840000] to-[#CE181E] bg-clip-text text-transparent\">\n                    B\u00e0i vi\u1ebft n\u1ed5i b\u1eadt                <\/h2>\n            <\/div>\n            <div class=\"lg:mt-[47px] mt-[27px] lg:w-[90vw] lg:max-w-[1355px] md:w-full md:max-w-[100%]\">\n                <div class=\"grid grid-cols-1 md:grid-cols-3 2xl:justify-center items-start gap-[20px] lg:gap-[25px]\">\n                                                            <div class=\"lg:hover:scale-110 lg:hover:shadow-lg transition-transform duration-300 bg-[#a8a5a5] rounded-lg overflow-hidden flex flex-col cursor-pointer ease-in-out lg:shadow-md\"\n                        onclick=\"window.location.href='https:\/\/luvina.net\/vi\/phan-mem-dong-goi-la-gi-loi-ich-cua-phan-mem-dong-goi-d129\/'\">\n                                                <img decoding=\"async\" src=\"https:\/\/luvina.net\/vi\/wp-content\/uploads\/2025\/04\/phan-mem-dong-goi-la-gi.jpg\" alt=\"Ph\u1ea7n m\u1ec1m \u0111\u00f3ng g\u00f3i l\u00e0 g\u00ec? L\u1ee3i \u00edch c\u1ee7a ph\u1ea7n m\u1ec1m \u0111\u00f3ng g\u00f3i\" class=\"object-cover block aspect-[800\/550] lg:w-full\" title=\"\">\n                                                <div\n                            class=\"flex flex-col lg:gap-y-[16px] gap-y-[8px] p-[15px] bg-[#F8F8F8] flex-grow justify-between min-h-[54px] lg:min-h-[93px]\">\n                            <a href=\"https:\/\/luvina.net\/vi\/phan-mem-dong-goi-la-gi-loi-ich-cua-phan-mem-dong-goi-d129\/\"\n                                class=\"related-posts-limit-text-title font-['Noto_Sans'] text-[12px] leading-[18px] lg:text-[16px] font-bold lg:leading-[24px] text-left\">\n                                Ph\u1ea7n m\u1ec1m \u0111\u00f3ng g\u00f3i l\u00e0 g\u00ec? L\u1ee3i \u00edch c\u1ee7a ph\u1ea7n m\u1ec1m \u0111\u00f3ng g\u00f3i                            <\/a>\n\n                            <div class=\"h-full flex lg:gap-[16px] gap-[8px] flex-wrap max-h-[76px] overflow-hidden\">\n                                                                            <a href=\"https:\/\/luvina.net\/vi\/tag\/phan-mem-dong-goi\/\">\n                                                <p\n                                                    class=\"flex justify-center items-center text-[12px] p-[10px] h-[30px] rounded-full bg-white border border-white lg:hover:border-[#CE181E] lg:hover:text-[#CE181E] box-border cursor-pointer\">\n                                                    Ph\u1ea7n m\u1ec1m \u0111\u00f3ng g\u00f3i                                                <\/p>\n                                            <\/a>\n                                                                    <\/div>\n                        <\/div>\n                    <\/div>\n                                                            <div class=\"lg:hover:scale-110 lg:hover:shadow-lg transition-transform duration-300 bg-[#a8a5a5] rounded-lg overflow-hidden flex flex-col cursor-pointer ease-in-out lg:shadow-md\"\n                        onclick=\"window.location.href='https:\/\/luvina.net\/vi\/nguon-nhan-luc-cong-nghe-thong-tin-cua-viet-nam-moi-cap-nhat-d123\/'\">\n                                                <img decoding=\"async\" src=\"https:\/\/luvina.net\/vi\/wp-content\/uploads\/2025\/04\/nhan-luc-cntt-tai-viet-nam.jpg\" alt=\"Ngu\u1ed3n nh\u00e2n l\u1ef1c c\u00f4ng ngh\u1ec7 th\u00f4ng tin c\u1ee7a Vi\u1ec7t Nam m\u1edbi c\u1eadp nh\u1eadt\" class=\"object-cover block aspect-[800\/550] lg:w-full\" title=\"\">\n                                                <div\n                            class=\"flex flex-col lg:gap-y-[16px] gap-y-[8px] p-[15px] bg-[#F8F8F8] flex-grow justify-between min-h-[54px] lg:min-h-[93px]\">\n                            <a href=\"https:\/\/luvina.net\/vi\/nguon-nhan-luc-cong-nghe-thong-tin-cua-viet-nam-moi-cap-nhat-d123\/\"\n                                class=\"related-posts-limit-text-title font-['Noto_Sans'] text-[12px] leading-[18px] lg:text-[16px] font-bold lg:leading-[24px] text-left\">\n                                Ngu\u1ed3n nh\u00e2n l\u1ef1c c\u00f4ng ngh\u1ec7 th\u00f4ng tin c\u1ee7a Vi\u1ec7t Nam m\u1edbi c\u1eadp nh\u1eadt                            <\/a>\n\n                            <div class=\"h-full flex lg:gap-[16px] gap-[8px] flex-wrap max-h-[76px] overflow-hidden\">\n                                                                            <a href=\"https:\/\/luvina.net\/vi\/tag\/nhan-luc-it-viet-nam\/\">\n                                                <p\n                                                    class=\"flex justify-center items-center text-[12px] p-[10px] h-[30px] rounded-full bg-white border border-white lg:hover:border-[#CE181E] lg:hover:text-[#CE181E] box-border cursor-pointer\">\n                                                    Nh\u00e2n l\u1ef1c IT Vi\u1ec7t Nam                                                <\/p>\n                                            <\/a>\n                                                                    <\/div>\n                        <\/div>\n                    <\/div>\n                                                            <div class=\"lg:hover:scale-110 lg:hover:shadow-lg transition-transform duration-300 bg-[#a8a5a5] rounded-lg overflow-hidden flex flex-col cursor-pointer ease-in-out lg:shadow-md\"\n                        onclick=\"window.location.href='https:\/\/luvina.net\/vi\/gia-cong-phan-mem-la-gi-vi-sao-can-gia-cong-phan-mem-d128\/'\">\n                                                <img decoding=\"async\" src=\"https:\/\/luvina.net\/vi\/wp-content\/uploads\/2025\/04\/gia-cong-phan-mem-la-gi.jpg\" alt=\"Gia c\u00f4ng ph\u1ea7n m\u1ec1m l\u00e0 g\u00ec? V\u00ec sao c\u1ea7n gia c\u00f4ng ph\u1ea7n m\u1ec1m?\" class=\"object-cover block aspect-[800\/550] lg:w-full\" title=\"\">\n                                                <div\n                            class=\"flex flex-col lg:gap-y-[16px] gap-y-[8px] p-[15px] bg-[#F8F8F8] flex-grow justify-between min-h-[54px] lg:min-h-[93px]\">\n                            <a href=\"https:\/\/luvina.net\/vi\/gia-cong-phan-mem-la-gi-vi-sao-can-gia-cong-phan-mem-d128\/\"\n                                class=\"related-posts-limit-text-title font-['Noto_Sans'] text-[12px] leading-[18px] lg:text-[16px] font-bold lg:leading-[24px] text-left\">\n                                Gia c\u00f4ng ph\u1ea7n m\u1ec1m l\u00e0 g\u00ec? V\u00ec sao c\u1ea7n gia c\u00f4ng ph\u1ea7n m\u1ec1m?                            <\/a>\n\n                            <div class=\"h-full flex lg:gap-[16px] gap-[8px] flex-wrap max-h-[76px] overflow-hidden\">\n                                                                            <a href=\"https:\/\/luvina.net\/vi\/tag\/phat-trien-phan-mem\/\">\n                                                <p\n                                                    class=\"flex justify-center items-center text-[12px] p-[10px] h-[30px] rounded-full bg-white border border-white lg:hover:border-[#CE181E] lg:hover:text-[#CE181E] box-border cursor-pointer\">\n                                                    Ph\u00e1t tri\u1ec1n ph\u1ea7n m\u1ec1m                                                <\/p>\n                                            <\/a>\n                                                                    <\/div>\n                        <\/div>\n                    <\/div>\n                                    <\/div>\n            <\/div>\n        <\/div>\n    <\/div>\n            <\/div>\n\n        <div class=\"flex justify-center items-center lg:px-0 px-[16px]\">\n            <div\n                class=\"flex flex-col lg:w-[90vw] lg:max-w-[1355px] w-[calc(100vw-32px)] lg:pb-[104px] pb-[104px]\"\n            >\n                <div id=\"position-scroll\"><\/div>\n                <div id=\"post-title-container\"\n                    class=\"flex lg:justify-between justify-center w-[min(calc(100vw-32px),1355px)] lg:w-[90vw] lg:max-w-[1355px]\"\n                >\n                    <h2 id=\"post-title\"\n                        class=\"lg:text-[30px] text-[20px] lg:leading-[45px] leading-[30px] font-bold lg:uppercase w-fit bg-gradient-to-r from-[#840000] to-[#CE181E] text-transparent bg-clip-text text-center\"\n                    >\n                        Xem t\u1ea5t c\u1ea3 b\u00e0i vi\u1ebft m\u1edbi                    <\/h2>\n                <\/div>\n                <div id=\"border-result\" class=\"hidden border-[1px] border-[#D9D9D9] w-[1355px]\"><\/div>\n                \n                <div id=\"post-items\"\n                    class=\"flex flex-wrap w-[min(calc(100vw-32px),1355px)] lg:w-[90vw] lg:max-w-[1355px] lg:mt-[38px] mt-[36px] lg:mb-[50px] mb-[40px] lg:gap-x-[25px] lg:gap-y-[40px] gap-y-[19px]\"\n                >\n                    \n                    <!--post-items-->\n                    <p>Loading...<\/p>\n                <\/div>\n\n                <div id=\"post-pagination\" class=\"flex gap-[8px] justify-center mt-[34px] text-[18px]\">\n                    <!--post-paging-->\n                <\/div>\n            <\/div>\n        <\/div>\n\n    \n\n\n\n<div class=\"pattern-contact-banner\">\n            <div class=\"relative flex lg:justify-center items-center lg:h-[200px] h-[222px] w-full px-[16px] lg:px-0\">\n                <div class=\"lg:block hidden\">\n                    <img decoding=\"async\" loading=\"lazy\" src=\"\/vi\/wp-content\/themes\/luvina2024\/assets\/images\/backgroud_ung_dung.png\" alt=\"Contact Us\" class=\"absolute top-0 left-0 z-0 h-[200px] object-cover w-full aspect-[1920\/560]\" title=\"\">\n                <\/div>\n                <div class=\"lg:hidden block\">\n                    <img decoding=\"async\" loading=\"lazy\" src=\"\/vi\/wp-content\/themes\/luvina2024\/assets\/images\/backgroud-ung-dung-mobile.png\" alt=\"Contact Us\" class=\"absolute top-0 left-0 object-cover z-0 h-full w-full\" title=\"\">\n                <\/div>\n                <div\n                    class=\"relative flex lg:flex-row flex-col h-[142px] my-10 lg:items-center justify-between lg:w-[90%] 2xl:w-[1355px] lg:max-w-[1355px] lg:h-[56px] lg:gap-[83px] lg:mx-0 lg:my-0\">\n                    <h2\n                        class=\"font-bold !text-white lg:text-3xl text-base lg:leading-[45px] lg:uppercase lg:h-[56px] h-[74px] flex items-center 2xl:max-w-[50vw]\">\n                        \u0110\u0103ng k\u00fd \u0111\u1ec3 c\u1eadp nh\u1eadt th\u00f4ng tin m\u1edbi nh\u1ea5t\n                    <\/h2>\n                    <form id=\"__vtigerWebForm_18\" name=\"Form \u0110\u0103ng K\u00fd nh\u1eadn th\u00f4ng tin\"\n                        action=\"https:\/\/luvinajsc.od2.vtiger.com\/modules\/Webforms\/capture.php\" method=\"post\"\n                        accept-charset=\"utf-8\" enctype=\"multipart\/form-data\">\n                        <input type=\"hidden\" name=\"publicid\" value=\"561a4cf6a79ff411f573fd74e9fc09cb\">\n                        <input type=\"hidden\" name=\"urlencodeenable\" value=\"1\">\n                        <input type=\"hidden\" name=\"name\" value=\"Form \u0110\u0103ng K\u00fd nh\u1eadn th\u00f4ng tin\">\n                        <input type=\"hidden\" name=\"__vtCurrency\" value=\"1\">\n                        <input type=\"email\" id=\"email-input\" name=\"email\" data-label=\"Primary Email\" value=\"\" placeholder=\"Email\"\n                            class=\"rounded-[8px] h-[48px] lg:h-[56px] w-[361px] lg:w-[319px] focus:border-[#CE181E] focus:ring-[#CE181E] outline-none transition-all duration-300 pl-[16px] placeholder:text-[18px] placeholder:leading-[170%] placeholder:text-[#D9D9D9]\">\n                        <div class=\"-mt-[45px] ml-[310px] lg:-mt-[49px] lg:ml-[268px] cursor-pointer\">\n                            <button type=\"submit\" id=\"vtigerFormSubmitBtn_18\" disabled\n                                class=\"p-2 bg-transparent border-none cursor-pointer\">\n                                <svg width=\"24\" height=\"24\" viewBox=\"0 0 24 24\" fill=\"none\"\n                                    xmlns=\"http:\/\/www.w3.org\/2000\/svg\">\n                                    <path id=\"submit-icon\"\n                                          d=\"M23.0195 10.4308L1.91224 0.134575C1.73072 0.0460255 1.53139 0 1.3294 0C0.5952 0 0 0.5952 0 1.3294V1.36777C0 1.54616 0.0218728 1.72388 0.0651382 1.89694L2.08983 9.99567C2.14513 10.2169 2.33217 10.3803 2.55877 10.4055L11.4579 11.3943C11.7665 11.4286 12 11.6894 12 12C12 12.3106 11.7665 12.5714 11.4579 12.6057L2.55877 13.5945C2.33217 13.6197 2.14513 13.7831 2.08983 14.0043L0.0651382 22.103C0.0218728 22.2761 0 22.4539 0 22.6322V22.6706C0 23.4048 0.5952 24 1.3294 24C1.53139 24 1.73072 23.954 1.91224 23.8654L23.0195 13.5692C23.6194 13.2766 24 12.6675 24 12C24 11.3325 23.6194 10.7234 23.0195 10.4308Z\"\n                                        fill=\"#D9D9D9\" \/>\n                                <\/svg>\n                            <\/button>\n                        <\/div>\n                    <\/form>\n                <\/div>\n            <\/div>\n        <\/div>\n","protected":false},"excerpt":{"rendered":"<p>Insights Ch\u00fang t\u00f4i chia s\u1ebb nh\u1eefng ki\u1ebfn th\u1ee9c v\u00e0 th\u00f4ng tin v\u1ec1 ng\u00e0nh C\u00f4ng ngh\u1ec7 th\u00f4ng tin v\u00e0 IT Outsourcing&#8230;<\/p>\n","protected":false},"author":6,"featured_media":0,"parent":0,"menu_order":0,"comment_status":"closed","ping_status":"closed","template":"","meta":{"_acf_changed":false,"footnotes":""},"class_list":["post-4554","page","type-page","status-publish","hentry"],"acf":[],"lang":"vi","translations":{"vi":4554,"ja":4632},"pll_sync_post":[],"_links":{"self":[{"href":"https:\/\/luvina.net\/vi\/wp-json\/wp\/v2\/pages\/4554","targetHints":{"allow":["GET"]}}],"collection":[{"href":"https:\/\/luvina.net\/vi\/wp-json\/wp\/v2\/pages"}],"about":[{"href":"https:\/\/luvina.net\/vi\/wp-json\/wp\/v2\/types\/page"}],"author":[{"embeddable":true,"href":"https:\/\/luvina.net\/vi\/wp-json\/wp\/v2\/users\/6"}],"replies":[{"embeddable":true,"href":"https:\/\/luvina.net\/vi\/wp-json\/wp\/v2\/comments?post=4554"}],"version-history":[{"count":21,"href":"https:\/\/luvina.net\/vi\/wp-json\/wp\/v2\/pages\/4554\/revisions"}],"predecessor-version":[{"id":14049,"href":"https:\/\/luvina.net\/vi\/wp-json\/wp\/v2\/pages\/4554\/revisions\/14049"}],"wp:attachment":[{"href":"https:\/\/luvina.net\/vi\/wp-json\/wp\/v2\/media?parent=4554"}],"curies":[{"name":"wp","href":"https:\/\/api.w.org\/{rel}","templated":true}]}}